{"id":1122,"date":"2021-05-03T14:04:10","date_gmt":"2021-05-03T12:04:10","guid":{"rendered":"https:\/\/www.formopack.eu\/?page_id=1122"},"modified":"2025-04-23T12:09:16","modified_gmt":"2025-04-23T10:09:16","slug":"faq","status":"publish","type":"page","link":"https:\/\/formopack.eu\/en\/faq\/","title":{"rendered":"faq"},"content":{"rendered":"\t\t<div data-elementor-type=\"wp-page\" data-elementor-id=\"1122\" class=\"elementor elementor-1122\">\n\t\t\t\t\t\t<section class=\"elementor-section elementor-top-section elementor-element elementor-element-95dfe33 elementor-section-boxed elementor-section-height-default elementor-section-height-default\" data-id=\"95dfe33\" data-element_type=\"section\" data-e-type=\"section\" data-settings=\"{&quot;background_background&quot;:&quot;classic&quot;}\">\n\t\t\t\t\t\t<div class=\"elementor-container elementor-column-gap-default\">\n\t\t\t\t\t<div class=\"elementor-column elementor-col-100 elementor-top-column elementor-element elementor-element-a926e3d\" data-id=\"a926e3d\" data-element_type=\"column\" data-e-type=\"column\">\n\t\t\t<div class=\"elementor-widget-wrap elementor-element-populated\">\n\t\t\t\t\t\t<div class=\"elementor-element elementor-element-b052411 elementor-widget elementor-widget-heading\" data-id=\"b052411\" data-element_type=\"widget\" data-e-type=\"widget\" data-widget_type=\"heading.default\">\n\t\t\t\t<div class=\"elementor-widget-container\">\n\t\t\t\t\t<h1 class=\"elementor-heading-title elementor-size-default\">FAQ<\/h1>\t\t\t\t<\/div>\n\t\t\t\t<\/div>\n\t\t\t\t\t<\/div>\n\t\t<\/div>\n\t\t\t\t\t<\/div>\n\t\t<\/section>\n\t\t\t\t<section class=\"elementor-section elementor-top-section elementor-element elementor-element-74fb0c3 elementor-section-boxed elementor-section-height-default elementor-section-height-default\" data-id=\"74fb0c3\" data-element_type=\"section\" data-e-type=\"section\">\n\t\t\t\t\t\t<div class=\"elementor-container elementor-column-gap-default\">\n\t\t\t\t\t<div class=\"elementor-column elementor-col-100 elementor-top-column elementor-element elementor-element-746586d\" data-id=\"746586d\" data-element_type=\"column\" data-e-type=\"column\">\n\t\t\t<div class=\"elementor-widget-wrap elementor-element-populated\">\n\t\t\t\t\t\t<section class=\"elementor-section elementor-inner-section elementor-element elementor-element-4915ee9 elementor-section-content-middle elementor-section-boxed elementor-section-height-default elementor-section-height-default\" data-id=\"4915ee9\" data-element_type=\"section\" data-e-type=\"section\">\n\t\t\t\t\t\t<div class=\"elementor-container elementor-column-gap-default\">\n\t\t\t\t\t<div class=\"elementor-column elementor-col-100 elementor-inner-column elementor-element elementor-element-7088c72\" data-id=\"7088c72\" data-element_type=\"column\" data-e-type=\"column\">\n\t\t\t<div class=\"elementor-widget-wrap\">\n\t\t\t\t\t\t\t<\/div>\n\t\t<\/div>\n\t\t\t\t\t<\/div>\n\t\t<\/section>\n\t\t\t\t<section class=\"elementor-section elementor-inner-section elementor-element elementor-element-5cde699 elementor-section-boxed elementor-section-height-default elementor-section-height-default\" data-id=\"5cde699\" data-element_type=\"section\" data-e-type=\"section\">\n\t\t\t\t\t\t<div class=\"elementor-container elementor-column-gap-default\">\n\t\t\t\t\t<div class=\"elementor-column elementor-col-100 elementor-inner-column elementor-element elementor-element-82a46f4\" data-id=\"82a46f4\" data-element_type=\"column\" data-e-type=\"column\" data-settings=\"{&quot;background_background&quot;:&quot;classic&quot;}\">\n\t\t\t<div class=\"elementor-widget-wrap elementor-element-populated\">\n\t\t\t\t\t\t<div class=\"elementor-element elementor-element-207cb26 elementor-widget elementor-widget-toggle\" data-id=\"207cb26\" data-element_type=\"widget\" data-e-type=\"widget\" data-widget_type=\"toggle.default\">\n\t\t\t\t<div class=\"elementor-widget-container\">\n\t\t\t\t\t\t\t<div class=\"elementor-toggle\">\n\t\t\t\t\t\t\t<div class=\"elementor-toggle-item\">\n\t\t\t\t\t<div id=\"elementor-tab-title-3401\" class=\"elementor-tab-title\" data-tab=\"1\" role=\"button\" aria-controls=\"elementor-tab-content-3401\" aria-expanded=\"false\">\n\t\t\t\t\t\t\t\t\t\t\t\t<span class=\"elementor-toggle-icon elementor-toggle-icon-left\" aria-hidden=\"true\">\n\t\t\t\t\t\t\t\t\t\t\t\t\t\t\t<span class=\"elementor-toggle-icon-closed\"><i class=\"fas fa-caret-right\"><\/i><\/span>\n\t\t\t\t\t\t\t\t<span class=\"elementor-toggle-icon-opened\"><i class=\"elementor-toggle-icon-opened fas fa-caret-up\"><\/i><\/span>\n\t\t\t\t\t\t\t\t\t\t\t\t\t<\/span>\n\t\t\t\t\t\t\t\t\t\t\t\t<a class=\"elementor-toggle-title\" tabindex=\"0\">\u00bfPor qu\u00e9 trabajar con Formopack?<\/a>\n\t\t\t\t\t<\/div>\n\n\t\t\t\t\t<div id=\"elementor-tab-content-3401\" class=\"elementor-tab-content elementor-clearfix\" data-tab=\"1\" role=\"region\" aria-labelledby=\"elementor-tab-title-3401\"><p>Son varias las razones que tiene una empresa para externalizar el servicio de envasado con nosotros:<\/p><ul><li><strong>Rentabilidad<\/strong><strong>:<\/strong> Reduces gastos de personal y del mantenimineto de maquinaria e instalaciones.<\/li><li><strong>Productividad:<\/strong> Puedes dedicar los recursos de tu empresa al resto de procesos.<\/li><li><strong>Costes fijos:<\/strong> Trabajar\u00e1s con presupuesto cerrado conociendo desde un inicio el coste de tu producci\u00f3n.<\/li><li><strong>Rapidez:<\/strong> Somos profesionales del envasado y todos nuestros recursos est\u00e1n orientados a este servicio. Te ofrecemos el producto en el menor tiempo posible.<\/li><li><strong>\u00bfTodo o en parte? <\/strong>Puedes subcontratar el proceso de embasado y manipulado completo o solo una parte. Tu eliges.<\/li><li><strong>Soluciones a tu medida: <\/strong>Al contar con un amplio parque de maquinaria, podemos trabajar con diferentes tipos de envases y formatos. Seguro que el tuyo tambi\u00e9n.<\/li><\/ul><\/div>\n\t\t\t\t<\/div>\n\t\t\t\t\t\t\t<div class=\"elementor-toggle-item\">\n\t\t\t\t\t<div id=\"elementor-tab-title-3402\" class=\"elementor-tab-title\" data-tab=\"2\" role=\"button\" aria-controls=\"elementor-tab-content-3402\" aria-expanded=\"false\">\n\t\t\t\t\t\t\t\t\t\t\t\t<span class=\"elementor-toggle-icon elementor-toggle-icon-left\" aria-hidden=\"true\">\n\t\t\t\t\t\t\t\t\t\t\t\t\t\t\t<span class=\"elementor-toggle-icon-closed\"><i class=\"fas fa-caret-right\"><\/i><\/span>\n\t\t\t\t\t\t\t\t<span class=\"elementor-toggle-icon-opened\"><i class=\"elementor-toggle-icon-opened fas fa-caret-up\"><\/i><\/span>\n\t\t\t\t\t\t\t\t\t\t\t\t\t<\/span>\n\t\t\t\t\t\t\t\t\t\t\t\t<a class=\"elementor-toggle-title\" tabindex=\"0\">\u00bfCon qu\u00e9 envases trabajamos?<\/a>\n\t\t\t\t\t<\/div>\n\n\t\t\t\t\t<div id=\"elementor-tab-content-3402\" class=\"elementor-tab-content elementor-clearfix\" data-tab=\"2\" role=\"region\" aria-labelledby=\"elementor-tab-title-3402\"><p>Puedes ver los tipos de envases que podemos utilizar en <span style=\"color: #0000ff;\"><strong><a style=\"color: #0000ff;\" href=\"https:\/\/www.formopack.eu\/que-hacemos\/\">Qu\u00e9 hacemos<\/a><\/strong><\/span><\/p><\/div>\n\t\t\t\t<\/div>\n\t\t\t\t\t\t\t<div class=\"elementor-toggle-item\">\n\t\t\t\t\t<div id=\"elementor-tab-title-3403\" class=\"elementor-tab-title\" data-tab=\"3\" role=\"button\" aria-controls=\"elementor-tab-content-3403\" aria-expanded=\"false\">\n\t\t\t\t\t\t\t\t\t\t\t\t<span class=\"elementor-toggle-icon elementor-toggle-icon-left\" aria-hidden=\"true\">\n\t\t\t\t\t\t\t\t\t\t\t\t\t\t\t<span class=\"elementor-toggle-icon-closed\"><i class=\"fas fa-caret-right\"><\/i><\/span>\n\t\t\t\t\t\t\t\t<span class=\"elementor-toggle-icon-opened\"><i class=\"elementor-toggle-icon-opened fas fa-caret-up\"><\/i><\/span>\n\t\t\t\t\t\t\t\t\t\t\t\t\t<\/span>\n\t\t\t\t\t\t\t\t\t\t\t\t<a class=\"elementor-toggle-title\" tabindex=\"0\">\u00bfCual es la cantidad m\u00ednima para realizar un pedido?<\/a>\n\t\t\t\t\t<\/div>\n\n\t\t\t\t\t<div id=\"elementor-tab-content-3403\" class=\"elementor-tab-content elementor-clearfix\" data-tab=\"3\" role=\"region\" aria-labelledby=\"elementor-tab-title-3403\"><p>Podemos envasar cosm\u00e9ticos a partir de 10 unidades, independientemente del tipo y de la capacidad del producto. Estos lotes tan peque\u00f1os son ideales para sondear el mercado o para iniciarse en la venta de productos cosm\u00e9ticos de marca propia. La principal ventaja de los lotes m\u00e1s grandes es una reducci\u00f3n significativa del precio.<\/p><\/div>\n\t\t\t\t<\/div>\n\t\t\t\t\t\t\t<div class=\"elementor-toggle-item\">\n\t\t\t\t\t<div id=\"elementor-tab-title-3404\" class=\"elementor-tab-title\" data-tab=\"4\" role=\"button\" aria-controls=\"elementor-tab-content-3404\" aria-expanded=\"false\">\n\t\t\t\t\t\t\t\t\t\t\t\t<span class=\"elementor-toggle-icon elementor-toggle-icon-left\" aria-hidden=\"true\">\n\t\t\t\t\t\t\t\t\t\t\t\t\t\t\t<span class=\"elementor-toggle-icon-closed\"><i class=\"fas fa-caret-right\"><\/i><\/span>\n\t\t\t\t\t\t\t\t<span class=\"elementor-toggle-icon-opened\"><i class=\"elementor-toggle-icon-opened fas fa-caret-up\"><\/i><\/span>\n\t\t\t\t\t\t\t\t\t\t\t\t\t<\/span>\n\t\t\t\t\t\t\t\t\t\t\t\t<a class=\"elementor-toggle-title\" tabindex=\"0\">\u00bfC\u00f3mo legalizo mi producto?<\/a>\n\t\t\t\t\t<\/div>\n\n\t\t\t\t\t<div id=\"elementor-tab-content-3404\" class=\"elementor-tab-content elementor-clearfix\" data-tab=\"4\" role=\"region\" aria-labelledby=\"elementor-tab-title-3404\"><p>Todos los productos deben estar en el Portal Europeo de notificaci\u00f3n de productos cosm\u00e9ticos (CPNP), previo a la puesta en el mercado. En este portal, el responsable de la puesta en el mercado del producto (nuestro cliente) debe introducir todos los datos del cosm\u00e9tico, tales como f\u00f3rmula, etiquetado, presentaci\u00f3n, etc. A estos detalles \u00fanicamente tendr\u00e1n acceso los centros de toxicolog\u00eda y las autoridades competentes en caso de detectarse un efecto no deseado producido por el cosm\u00e9tico. En Formopack, siguiendo con su pol\u00edtica de ayudar y asesorar en lo m\u00e1ximo posible a sus clientes, ofrecemos este servicio para realizar todo el proceso.<\/p><\/div>\n\t\t\t\t<\/div>\n\t\t\t\t\t\t\t<div class=\"elementor-toggle-item\">\n\t\t\t\t\t<div id=\"elementor-tab-title-3405\" class=\"elementor-tab-title\" data-tab=\"5\" role=\"button\" aria-controls=\"elementor-tab-content-3405\" aria-expanded=\"false\">\n\t\t\t\t\t\t\t\t\t\t\t\t<span class=\"elementor-toggle-icon elementor-toggle-icon-left\" aria-hidden=\"true\">\n\t\t\t\t\t\t\t\t\t\t\t\t\t\t\t<span class=\"elementor-toggle-icon-closed\"><i class=\"fas fa-caret-right\"><\/i><\/span>\n\t\t\t\t\t\t\t\t<span class=\"elementor-toggle-icon-opened\"><i class=\"elementor-toggle-icon-opened fas fa-caret-up\"><\/i><\/span>\n\t\t\t\t\t\t\t\t\t\t\t\t\t<\/span>\n\t\t\t\t\t\t\t\t\t\t\t\t<a class=\"elementor-toggle-title\" tabindex=\"0\">\u00bfCu\u00e1les son nuestros principales clientes?<\/a>\n\t\t\t\t\t<\/div>\n\n\t\t\t\t\t<div id=\"elementor-tab-content-3405\" class=\"elementor-tab-content elementor-clearfix\" data-tab=\"5\" role=\"region\" aria-labelledby=\"elementor-tab-title-3405\"><p>Debido a que estamos sujetos a acuerdos de confidencialidad por los contratos de fabricaci\u00f3n no podemos revelar esta informaci\u00f3n, sin embargo, comercializamos nuestros servicios con marcas punteras en el \u00e1mbito de la cosm\u00e9tica natural.<\/p><\/div>\n\t\t\t\t<\/div>\n\t\t\t\t\t\t\t\t\t\t<script type=\"application\/ld+json\">{\"@context\":\"https:\\\/\\\/schema.org\",\"@type\":\"FAQPage\",\"mainEntity\":[{\"@type\":\"Question\",\"name\":\"\\u00bfPor qu\\u00e9 trabajar con Formopack?\",\"acceptedAnswer\":{\"@type\":\"Answer\",\"text\":\"<p>Son varias las razones que tiene una empresa para externalizar el servicio de envasado con nosotros:<\\\/p><ul><li><strong>Rentabilidad<\\\/strong><strong>:<\\\/strong> Reduces gastos de personal y del mantenimineto de maquinaria e instalaciones.<\\\/li><li><strong>Productividad:<\\\/strong> Puedes dedicar los recursos de tu empresa al resto de procesos.<\\\/li><li><strong>Costes fijos:<\\\/strong> Trabajar\\u00e1s con presupuesto cerrado conociendo desde un inicio el coste de tu producci\\u00f3n.<\\\/li><li><strong>Rapidez:<\\\/strong> Somos profesionales del envasado y todos nuestros recursos est\\u00e1n orientados a este servicio. Te ofrecemos el producto en el menor tiempo posible.<\\\/li><li><strong>\\u00bfTodo o en parte? <\\\/strong>Puedes subcontratar el proceso de embasado y manipulado completo o solo una parte. Tu eliges.<\\\/li><li><strong>Soluciones a tu medida: <\\\/strong>Al contar con un amplio parque de maquinaria, podemos trabajar con diferentes tipos de envases y formatos. Seguro que el tuyo tambi\\u00e9n.<\\\/li><\\\/ul>\"}},{\"@type\":\"Question\",\"name\":\"\\u00bfCon qu\\u00e9 envases trabajamos?\",\"acceptedAnswer\":{\"@type\":\"Answer\",\"text\":\"<p>Puedes ver los tipos de envases que podemos utilizar en <span style=\\\"color: #0000ff;\\\"><strong><a style=\\\"color: #0000ff;\\\" href=\\\"https:\\\/\\\/www.formopack.eu\\\/que-hacemos\\\/\\\">Qu\\u00e9 hacemos<\\\/a><\\\/strong><\\\/span><\\\/p>\"}},{\"@type\":\"Question\",\"name\":\"\\u00bfCual es la cantidad m\\u00ednima para realizar un pedido?\",\"acceptedAnswer\":{\"@type\":\"Answer\",\"text\":\"<p>Podemos envasar cosm\\u00e9ticos a partir de 10 unidades, independientemente del tipo y de la capacidad del producto. Estos lotes tan peque\\u00f1os son ideales para sondear el mercado o para iniciarse en la venta de productos cosm\\u00e9ticos de marca propia. La principal ventaja de los lotes m\\u00e1s grandes es una reducci\\u00f3n significativa del precio.<\\\/p>\"}},{\"@type\":\"Question\",\"name\":\"\\u00bfC\\u00f3mo legalizo mi producto?\",\"acceptedAnswer\":{\"@type\":\"Answer\",\"text\":\"<p>Todos los productos deben estar en el Portal Europeo de notificaci\\u00f3n de productos cosm\\u00e9ticos (CPNP), previo a la puesta en el mercado. En este portal, el responsable de la puesta en el mercado del producto (nuestro cliente) debe introducir todos los datos del cosm\\u00e9tico, tales como f\\u00f3rmula, etiquetado, presentaci\\u00f3n, etc. A estos detalles \\u00fanicamente tendr\\u00e1n acceso los centros de toxicolog\\u00eda y las autoridades competentes en caso de detectarse un efecto no deseado producido por el cosm\\u00e9tico. En Formopack, siguiendo con su pol\\u00edtica de ayudar y asesorar en lo m\\u00e1ximo posible a sus clientes, ofrecemos este servicio para realizar todo el proceso.<\\\/p>\"}},{\"@type\":\"Question\",\"name\":\"\\u00bfCu\\u00e1les son nuestros principales clientes?\",\"acceptedAnswer\":{\"@type\":\"Answer\",\"text\":\"<p>Debido a que estamos sujetos a acuerdos de confidencialidad por los contratos de fabricaci\\u00f3n no podemos revelar esta informaci\\u00f3n, sin embargo, comercializamos nuestros servicios con marcas punteras en el \\u00e1mbito de la cosm\\u00e9tica natural.<\\\/p>\"}}]}<\/script>\n\t\t\t\t\t<\/div>\n\t\t\t\t\t\t<\/div>\n\t\t\t\t<\/div>\n\t\t\t\t\t<\/div>\n\t\t<\/div>\n\t\t\t\t\t<\/div>\n\t\t<\/section>\n\t\t\t\t\t<\/div>\n\t\t<\/div>\n\t\t\t\t\t<\/div>\n\t\t<\/section>\n\t\t\t\t<section class=\"elementor-section elementor-top-section elementor-element elementor-element-a243e3d elementor-section-boxed elementor-section-height-default elementor-section-height-default\" data-id=\"a243e3d\" data-element_type=\"section\" data-e-type=\"section\" data-settings=\"{&quot;background_background&quot;:&quot;classic&quot;}\">\n\t\t\t\t\t\t<div class=\"elementor-container elementor-column-gap-default\">\n\t\t\t\t\t<div class=\"elementor-column elementor-col-100 elementor-top-column elementor-element elementor-element-54a28a7\" data-id=\"54a28a7\" data-element_type=\"column\" data-e-type=\"column\">\n\t\t\t<div class=\"elementor-widget-wrap elementor-element-populated\">\n\t\t\t\t\t\t<div class=\"elementor-element elementor-element-b7c5128 elementor-widget elementor-widget-heading\" data-id=\"b7c5128\" data-element_type=\"widget\" data-e-type=\"widget\" data-widget_type=\"heading.default\">\n\t\t\t\t<div class=\"elementor-widget-container\">\n\t\t\t\t\t<h2 class=\"elementor-heading-title elementor-size-default\">Le ofrecemos un servicio de calidad, \u00e1gil y personalizado<\/h2>\t\t\t\t<\/div>\n\t\t\t\t<\/div>\n\t\t\t\t<div class=\"elementor-element elementor-element-710ec35 elementor-align-center elementor-mobile-align-justify elementor-widget elementor-widget-button\" data-id=\"710ec35\" data-element_type=\"widget\" data-e-type=\"widget\" data-widget_type=\"button.default\">\n\t\t\t\t<div class=\"elementor-widget-container\">\n\t\t\t\t\t\t\t\t\t<div class=\"elementor-button-wrapper\">\n\t\t\t\t\t<a class=\"elementor-button elementor-button-link elementor-size-lg\" href=\"https:\/\/www.formopack.eu\/contacto\">\n\t\t\t\t\t\t<span class=\"elementor-button-content-wrapper\">\n\t\t\t\t\t\t\t\t\t<span class=\"elementor-button-text\">hablemos<\/span>\n\t\t\t\t\t<\/span>\n\t\t\t\t\t<\/a>\n\t\t\t\t<\/div>\n\t\t\t\t\t\t\t\t<\/div>\n\t\t\t\t<\/div>\n\t\t\t\t\t<\/div>\n\t\t<\/div>\n\t\t\t\t\t<\/div>\n\t\t<\/section>\n\t\t\t\t<\/div>\n\t\t","protected":false},"excerpt":{"rendered":"<p>FAQ \u00bfPor qu\u00e9 trabajar con Formopack? Son varias las razones que tiene una empresa para externalizar el servicio de envasado con nosotros: Rentabilidad: Reduces gastos de personal y del mantenimineto de maquinaria e instalaciones. Productividad: Puedes dedicar los recursos de tu empresa al resto de procesos. Costes fijos: Trabajar\u00e1s con presupuesto cerrado conociendo desde un&hellip;&nbsp;<a href=\"https:\/\/formopack.eu\/en\/faq\/\" rel=\"bookmark\">Read More &raquo;<span class=\"screen-reader-text\">faq<\/span><\/a><\/p>","protected":false},"author":1,"featured_media":0,"parent":0,"menu_order":0,"comment_status":"closed","ping_status":"closed","template":"elementor_header_footer","meta":{"content-type":"","_monsterinsights_skip_tracking":false,"_monsterinsights_sitenote_active":false,"_monsterinsights_sitenote_note":"","_monsterinsights_sitenote_category":0,"neve_meta_sidebar":"full-width","neve_meta_container":"","neve_meta_enable_content_width":"on","neve_meta_content_width":100,"neve_meta_title_alignment":"","neve_meta_author_avatar":"","neve_post_elements_order":"","neve_meta_disable_header":"","neve_meta_disable_footer":"","neve_meta_disable_title":"","jetpack_post_was_ever_published":false,"footnotes":""},"class_list":["post-1122","page","type-page","status-publish","hentry"],"aioseo_notices":[],"jetpack_sharing_enabled":true,"jetpack_shortlink":"https:\/\/wp.me\/P9BgxN-i6","_links":{"self":[{"href":"https:\/\/formopack.eu\/en\/wp-json\/wp\/v2\/pages\/1122","targetHints":{"allow":["GET"]}}],"collection":[{"href":"https:\/\/formopack.eu\/en\/wp-json\/wp\/v2\/pages"}],"about":[{"href":"https:\/\/formopack.eu\/en\/wp-json\/wp\/v2\/types\/page"}],"author":[{"embeddable":true,"href":"https:\/\/formopack.eu\/en\/wp-json\/wp\/v2\/users\/1"}],"replies":[{"embeddable":true,"href":"https:\/\/formopack.eu\/en\/wp-json\/wp\/v2\/comments?post=1122"}],"version-history":[{"count":82,"href":"https:\/\/formopack.eu\/en\/wp-json\/wp\/v2\/pages\/1122\/revisions"}],"predecessor-version":[{"id":1425,"href":"https:\/\/formopack.eu\/en\/wp-json\/wp\/v2\/pages\/1122\/revisions\/1425"}],"wp:attachment":[{"href":"https:\/\/formopack.eu\/en\/wp-json\/wp\/v2\/media?parent=1122"}],"curies":[{"name":"wp","href":"https:\/\/api.w.org\/{rel}","templated":true}]}}