{"id":885,"date":"2021-03-17T09:01:13","date_gmt":"2021-03-17T08:01:13","guid":{"rendered":"https:\/\/www.formopack.eu\/?page_id=885"},"modified":"2021-05-28T11:18:18","modified_gmt":"2021-05-28T09:18:18","slug":"politica-etica","status":"publish","type":"page","link":"https:\/\/formopack.eu\/en\/politica-etica\/","title":{"rendered":"Ethical policy"},"content":{"rendered":"<div data-elementor-type=\"wp-page\" data-elementor-id=\"885\" class=\"elementor elementor-885\">\n\t\t\t\t\t\t<section class=\"elementor-section elementor-top-section elementor-element elementor-element-758d61e8 elementor-section-boxed elementor-section-height-default elementor-section-height-default\" data-id=\"758d61e8\" data-element_type=\"section\" data-e-type=\"section\">\n\t\t\t\t\t\t<div class=\"elementor-container elementor-column-gap-default\">\n\t\t\t\t\t<div class=\"elementor-column elementor-col-100 elementor-top-column elementor-element elementor-element-23db6b3b\" data-id=\"23db6b3b\" data-element_type=\"column\" data-e-type=\"column\">\n\t\t\t<div class=\"elementor-widget-wrap elementor-element-populated\">\n\t\t\t\t\t\t<div class=\"elementor-element elementor-element-e1116cd elementor-widget elementor-widget-image\" data-id=\"e1116cd\" data-element_type=\"widget\" data-e-type=\"widget\" data-widget_type=\"image.default\">\n\t\t\t\t<div class=\"elementor-widget-container\">\n\t\t\t\t\t\t\t\t\t\t\t\t\t\t\t<img fetchpriority=\"high\" decoding=\"async\" width=\"1536\" height=\"700\" src=\"https:\/\/formopack.eu\/wp-content\/uploads\/image-1-1536x700.jpg\" class=\"attachment-1536x1536 size-1536x1536 wp-image-487\" alt=\"\" srcset=\"https:\/\/formopack.eu\/wp-content\/uploads\/image-1-1536x700.jpg 1536w, https:\/\/formopack.eu\/wp-content\/uploads\/image-1-300x137.jpg 300w, https:\/\/formopack.eu\/wp-content\/uploads\/image-1-1024x467.jpg 1024w, https:\/\/formopack.eu\/wp-content\/uploads\/image-1-768x350.jpg 768w, https:\/\/formopack.eu\/wp-content\/uploads\/image-1-16x7.jpg 16w, https:\/\/formopack.eu\/wp-content\/uploads\/image-1-600x273.jpg 600w, https:\/\/formopack.eu\/wp-content\/uploads\/image-1.jpg 1920w\" sizes=\"(max-width: 1536px) 100vw, 1536px\" \/>\t\t\t\t\t\t\t\t\t\t\t\t\t\t\t<\/div>\n\t\t\t\t<\/div>\n\t\t\t\t<div class=\"elementor-element elementor-element-de75116 elementor-widget elementor-widget-toggle\" data-id=\"de75116\" data-element_type=\"widget\" data-e-type=\"widget\" data-widget_type=\"toggle.default\">\n\t\t\t\t<div class=\"elementor-widget-container\">\n\t\t\t\t\t\t\t<div class=\"elementor-toggle\">\n\t\t\t\t\t\t\t<div class=\"elementor-toggle-item\">\n\t\t\t\t\t<div id=\"elementor-tab-title-2331\" class=\"elementor-tab-title\" data-tab=\"1\" role=\"button\" aria-controls=\"elementor-tab-content-2331\" aria-expanded=\"false\">\n\t\t\t\t\t\t\t\t\t\t\t\t<span class=\"elementor-toggle-icon elementor-toggle-icon-left\" aria-hidden=\"true\">\n\t\t\t\t\t\t\t\t\t\t\t\t\t\t\t<span class=\"elementor-toggle-icon-closed\"><i class=\"fas fa-caret-right\"><\/i><\/span>\n\t\t\t\t\t\t\t\t<span class=\"elementor-toggle-icon-opened\"><i class=\"elementor-toggle-icon-opened fas fa-caret-up\"><\/i><\/span>\n\t\t\t\t\t\t\t\t\t\t\t\t\t<\/span>\n\t\t\t\t\t\t\t\t\t\t\t\t<a class=\"elementor-toggle-title\" tabindex=\"0\">What does this policy cover?<\/a>\n\t\t\t\t\t<\/div>\n\n\t\t\t\t\t<div id=\"elementor-tab-content-2331\" class=\"elementor-tab-content elementor-clearfix\" data-tab=\"1\" role=\"region\" aria-labelledby=\"elementor-tab-title-2331\"><p>Formopack's Ethical Policy is the reference document that guides the Company in the medium and long term for the development of its strategy in this area. Formopack must comply with the law in all territories where it conducts business. Formopack employees must comply with all laws and always act with honesty, integrity and fairness. Most ethical issues can be resolved by taking the time to consider whether we are acting honestly and fairly with customers, suppliers, other employees and the public.<\/p><\/div>\n\t\t\t\t<\/div>\n\t\t\t\t\t\t\t<div class=\"elementor-toggle-item\">\n\t\t\t\t\t<div id=\"elementor-tab-title-2332\" class=\"elementor-tab-title\" data-tab=\"2\" role=\"button\" aria-controls=\"elementor-tab-content-2332\" aria-expanded=\"false\">\n\t\t\t\t\t\t\t\t\t\t\t\t<span class=\"elementor-toggle-icon elementor-toggle-icon-left\" aria-hidden=\"true\">\n\t\t\t\t\t\t\t\t\t\t\t\t\t\t\t<span class=\"elementor-toggle-icon-closed\"><i class=\"fas fa-caret-right\"><\/i><\/span>\n\t\t\t\t\t\t\t\t<span class=\"elementor-toggle-icon-opened\"><i class=\"elementor-toggle-icon-opened fas fa-caret-up\"><\/i><\/span>\n\t\t\t\t\t\t\t\t\t\t\t\t\t<\/span>\n\t\t\t\t\t\t\t\t\t\t\t\t<a class=\"elementor-toggle-title\" tabindex=\"0\">What are our duties?<\/a>\n\t\t\t\t\t<\/div>\n\n\t\t\t\t\t<div id=\"elementor-tab-content-2332\" class=\"elementor-tab-content elementor-clearfix\" data-tab=\"2\" role=\"region\" aria-labelledby=\"elementor-tab-title-2332\"><p>We have a responsibility to deal ethically with our customers and suppliers, employees and the public. It is not enough to simply avoid unethical conduct; we will always treat those with whom we come into contact in the course of business with honesty, fairness, respect and integrity.<\/p><\/div>\n\t\t\t\t<\/div>\n\t\t\t\t\t\t\t<div class=\"elementor-toggle-item\">\n\t\t\t\t\t<div id=\"elementor-tab-title-2333\" class=\"elementor-tab-title\" data-tab=\"3\" role=\"button\" aria-controls=\"elementor-tab-content-2333\" aria-expanded=\"false\">\n\t\t\t\t\t\t\t\t\t\t\t\t<span class=\"elementor-toggle-icon elementor-toggle-icon-left\" aria-hidden=\"true\">\n\t\t\t\t\t\t\t\t\t\t\t\t\t\t\t<span class=\"elementor-toggle-icon-closed\"><i class=\"fas fa-caret-right\"><\/i><\/span>\n\t\t\t\t\t\t\t\t<span class=\"elementor-toggle-icon-opened\"><i class=\"elementor-toggle-icon-opened fas fa-caret-up\"><\/i><\/span>\n\t\t\t\t\t\t\t\t\t\t\t\t\t<\/span>\n\t\t\t\t\t\t\t\t\t\t\t\t<a class=\"elementor-toggle-title\" tabindex=\"0\">Bribery and corruption<\/a>\n\t\t\t\t\t<\/div>\n\n\t\t\t\t\t<div id=\"elementor-tab-content-2333\" class=\"elementor-tab-content elementor-clearfix\" data-tab=\"3\" role=\"region\" aria-labelledby=\"elementor-tab-title-2333\"><ul>\n<li><em>Receiving gifts and financial incentives<\/em><\/li>\n<\/ul>\n<p><!-- \/wp:list --><!-- wp:paragraph --><\/p>\n<p>All business decisions will be made impartially and fairly and not on the basis of obtaining gifts, gratuities or hospitality. Neither Formopack nor its employees shall solicit or accept any favours, gifts, entertainment, credits (or other financial inducements) or other benefits (including services and discounts, as well as material goods) from any supplier, customer or competitor that may influence their judgement.<\/p>\n<p><!-- \/wp:paragraph --><!-- wp:list --><\/p>\n<ul>\n<li><em>Receiving gifts and financial incentives<\/em><\/li>\n<\/ul>\n<p><!-- \/wp:list --><!-- wp:paragraph --><\/p>\n<p>Neither Formopack nor its employees shall use gifts and\/or hospitality with the intention of persuading anyone to act inappropriately or to influence a public official in the performance of his or her duties.<\/p>\n<p><!-- \/wp:paragraph --><!-- wp:paragraph --><\/p>\n<p>The only payments Formopack makes to third parties are for products and services duly rendered or sold to Formopack. Payments made to charity are also considered to fall under the company's ethics policy.<\/p>\n<p><!-- \/wp:paragraph --><!-- wp:list --><\/p>\n<ul>\n<li><em>Facilitation payments and kickbacks<\/em><\/li>\n<\/ul>\n<p><!-- \/wp:list --><!-- wp:paragraph --><\/p>\n<p>Formopack does not and will not accept facilitation payments or bribes of any kind.<\/p>\n<p><!-- \/wp:paragraph --><!-- wp:list --><\/p>\n<ul>\n<li>Donations<\/li>\n<\/ul>\n<p><!-- \/wp:list --><!-- wp:paragraph --><\/p>\n<p>Formopack only donates to legal and ethical charities in accordance with law and practice.<\/p><\/div>\n\t\t\t\t<\/div>\n\t\t\t\t\t\t\t<div class=\"elementor-toggle-item\">\n\t\t\t\t\t<div id=\"elementor-tab-title-2334\" class=\"elementor-tab-title\" data-tab=\"4\" role=\"button\" aria-controls=\"elementor-tab-content-2334\" aria-expanded=\"false\">\n\t\t\t\t\t\t\t\t\t\t\t\t<span class=\"elementor-toggle-icon elementor-toggle-icon-left\" aria-hidden=\"true\">\n\t\t\t\t\t\t\t\t\t\t\t\t\t\t\t<span class=\"elementor-toggle-icon-closed\"><i class=\"fas fa-caret-right\"><\/i><\/span>\n\t\t\t\t\t\t\t\t<span class=\"elementor-toggle-icon-opened\"><i class=\"elementor-toggle-icon-opened fas fa-caret-up\"><\/i><\/span>\n\t\t\t\t\t\t\t\t\t\t\t\t\t<\/span>\n\t\t\t\t\t\t\t\t\t\t\t\t<a class=\"elementor-toggle-title\" tabindex=\"0\">Ethical and respectable business practices<\/a>\n\t\t\t\t\t<\/div>\n\n\t\t\t\t\t<div id=\"elementor-tab-content-2334\" class=\"elementor-tab-content elementor-clearfix\" data-tab=\"4\" role=\"region\" aria-labelledby=\"elementor-tab-title-2334\"><ul>\n<li><em>Marketing practice<\/em><\/li>\n<\/ul>\n<p><!-- \/wp:list --><!-- wp:paragraph --><\/p>\n<p>Formopack will comply with all applicable advertising regulations and will not use marketing that is misleading or inaccurate. Advertising shall always be in good taste. All statements made in advertising shall be fully substantiated by the necessary evidence.<\/p>\n<p><!-- \/wp:paragraph --><!-- wp:list --><\/p>\n<ul>\n<li><em>Competition Act<\/em><\/li>\n<\/ul>\n<p><!-- \/wp:list --><!-- wp:paragraph --><\/p>\n<p>Formopack cumplir\u00e1 todas las leyes sobre competencia y comercio. Todos los clientes de Formopack recibir\u00e1n un trato justo y equitativo, y no se ofrecer\u00e1n condiciones especiales o preferenciales a ning\u00fan cliente que viole cualquier ley. Formopack proh\u00edbe las consultas o cualquier otro contacto con sus competidores con relaci\u00f3n a precios, clientes o territorios.<\/p>\n<p><!-- \/wp:paragraph --><!-- wp:list --><\/p>\n<ul>\n<li><em>Environmental protection<\/em><\/li>\n<\/ul>\n<p><!-- \/wp:list --><!-- wp:paragraph --><\/p>\n<p>Formopack believes that we all have a responsibility to protect the environment. No person employed at Formopack will knowingly purchase any illegal chemical or other substance for use at Formopack, and will responsibly manage the disposal of such products.<\/p>\n<p><!-- \/wp:paragraph --><!-- wp:list --><\/p>\n<ul>\n<li><em>Product and service integrity<\/em><\/li>\n<\/ul>\n<p><!-- \/wp:list --><!-- wp:paragraph --><\/p>\n<p>Strict product integrity is necessary for Formopack to achieve its quality objectives and maintain its reputation as a manufacturer and\/or provider of quality products\/services. Formopack will never deliberately conceal defective work or material, falsify records or make false certifications or statements regarding its products.<\/p><\/div>\n\t\t\t\t<\/div>\n\t\t\t\t\t\t\t<div class=\"elementor-toggle-item\">\n\t\t\t\t\t<div id=\"elementor-tab-title-2335\" class=\"elementor-tab-title\" data-tab=\"5\" role=\"button\" aria-controls=\"elementor-tab-content-2335\" aria-expanded=\"false\">\n\t\t\t\t\t\t\t\t\t\t\t\t<span class=\"elementor-toggle-icon elementor-toggle-icon-left\" aria-hidden=\"true\">\n\t\t\t\t\t\t\t\t\t\t\t\t\t\t\t<span class=\"elementor-toggle-icon-closed\"><i class=\"fas fa-caret-right\"><\/i><\/span>\n\t\t\t\t\t\t\t\t<span class=\"elementor-toggle-icon-opened\"><i class=\"elementor-toggle-icon-opened fas fa-caret-up\"><\/i><\/span>\n\t\t\t\t\t\t\t\t\t\t\t\t\t<\/span>\n\t\t\t\t\t\t\t\t\t\t\t\t<a class=\"elementor-toggle-title\" tabindex=\"0\">Health &amp; Safety<\/a>\n\t\t\t\t\t<\/div>\n\n\t\t\t\t\t<div id=\"elementor-tab-content-2335\" class=\"elementor-tab-content elementor-clearfix\" data-tab=\"5\" role=\"region\" aria-labelledby=\"elementor-tab-title-2335\"><ul>\n<li><em>Responsibilities to employees<\/em><\/li>\n<\/ul>\n<p><!-- \/wp:list --><!-- wp:paragraph --><\/p>\n<p>Formopack believes that all its employees should have a safe workplace and equal opportunity for promotion and advancement. Formopack will comply with all laws and regulations regarding health, safety at work and similar matters. Formopack is committed to maintaining safe working conditions at all of its facilities. Formopack will provide a work environment free from harassment and discrimination for all its employees.<\/p>\n<p><span style=\"color: #ff0000;\">Formopack NO:<\/span><\/p>\n<p><!-- \/wp:paragraph --><!-- wp:list --><\/p>\n<ul>\n<li>Will unlawfully discriminate against anyone on the following grounds: race, sex, age, marital status, religion, nationality or disability.<\/li>\n<li>Violate the dignity of any person by subjecting them to harassment, abuse, physical punishment or threats.<\/li>\n<\/ul><\/div>\n\t\t\t\t<\/div>\n\t\t\t\t\t\t\t<div class=\"elementor-toggle-item\">\n\t\t\t\t\t<div id=\"elementor-tab-title-2336\" class=\"elementor-tab-title\" data-tab=\"6\" role=\"button\" aria-controls=\"elementor-tab-content-2336\" aria-expanded=\"false\">\n\t\t\t\t\t\t\t\t\t\t\t\t<span class=\"elementor-toggle-icon elementor-toggle-icon-left\" aria-hidden=\"true\">\n\t\t\t\t\t\t\t\t\t\t\t\t\t\t\t<span class=\"elementor-toggle-icon-closed\"><i class=\"fas fa-caret-right\"><\/i><\/span>\n\t\t\t\t\t\t\t\t<span class=\"elementor-toggle-icon-opened\"><i class=\"elementor-toggle-icon-opened fas fa-caret-up\"><\/i><\/span>\n\t\t\t\t\t\t\t\t\t\t\t\t\t<\/span>\n\t\t\t\t\t\t\t\t\t\t\t\t<a class=\"elementor-toggle-title\" tabindex=\"0\">Human rights and ethical trade<\/a>\n\t\t\t\t\t<\/div>\n\n\t\t\t\t\t<div id=\"elementor-tab-content-2336\" class=\"elementor-tab-content elementor-clearfix\" data-tab=\"6\" role=\"region\" aria-labelledby=\"elementor-tab-title-2336\"><p>Formopack is committed to human rights and ethical and responsible trade in its business activities and working practices.<\/p>\n<p><!-- \/wp:paragraph --><!-- wp:paragraph --><\/p>\n<p>Formopack will obey all local laws and regulations, instructions of the competent authorities regarding working conditions, working hours, wages and benefits.<\/p><\/div>\n\t\t\t\t<\/div>\n\t\t\t\t\t\t\t\t<\/div>\n\t\t\t\t\t\t<\/div>\n\t\t\t\t<\/div>\n\t\t\t\t\t<\/div>\n\t\t<\/div>\n\t\t\t\t\t<\/div>\n\t\t<\/section>\n\t\t\t\t<\/div>","protected":false},"excerpt":{"rendered":"<p>\u00bfQ\u00fae abarca esta pol\u00edtica? La Pol\u00edtica \u00c9tica de Formopack constituye el documento de referencia que gu\u00eda a la Compa\u00f1\u00eda en el medio y largo plazo para el desarrollo de su estrategia en esta materia. Formopack ha de cumplir la ley en todos los territorios donde lleve a cabo su actividad comercial. Los empleados de Formopack&hellip;&nbsp;<a href=\"https:\/\/formopack.eu\/en\/politica-etica\/\" rel=\"bookmark\">Read More &raquo;<span class=\"screen-reader-text\">Ethical policy<\/span><\/a><\/p>","protected":false},"author":1,"featured_media":0,"parent":0,"menu_order":0,"comment_status":"closed","ping_status":"closed","template":"","meta":{"content-type":"","_monsterinsights_skip_tracking":false,"_monsterinsights_sitenote_active":false,"_monsterinsights_sitenote_note":"","_monsterinsights_sitenote_category":0,"neve_meta_sidebar":"full-width","neve_meta_container":"","neve_meta_enable_content_width":"on","neve_meta_content_width":100,"neve_meta_title_alignment":"","neve_meta_author_avatar":"","neve_post_elements_order":"","neve_meta_disable_header":"","neve_meta_disable_footer":"","neve_meta_disable_title":"","jetpack_post_was_ever_published":false,"footnotes":""},"class_list":["post-885","page","type-page","status-publish","hentry"],"aioseo_notices":[],"jetpack_sharing_enabled":true,"jetpack_shortlink":"https:\/\/wp.me\/P9BgxN-eh","_links":{"self":[{"href":"https:\/\/formopack.eu\/en\/wp-json\/wp\/v2\/pages\/885","targetHints":{"allow":["GET"]}}],"collection":[{"href":"https:\/\/formopack.eu\/en\/wp-json\/wp\/v2\/pages"}],"about":[{"href":"https:\/\/formopack.eu\/en\/wp-json\/wp\/v2\/types\/page"}],"author":[{"embeddable":true,"href":"https:\/\/formopack.eu\/en\/wp-json\/wp\/v2\/users\/1"}],"replies":[{"embeddable":true,"href":"https:\/\/formopack.eu\/en\/wp-json\/wp\/v2\/comments?post=885"}],"version-history":[{"count":21,"href":"https:\/\/formopack.eu\/en\/wp-json\/wp\/v2\/pages\/885\/revisions"}],"predecessor-version":[{"id":1244,"href":"https:\/\/formopack.eu\/en\/wp-json\/wp\/v2\/pages\/885\/revisions\/1244"}],"wp:attachment":[{"href":"https:\/\/formopack.eu\/en\/wp-json\/wp\/v2\/media?parent=885"}],"curies":[{"name":"wp","href":"https:\/\/api.w.org\/{rel}","templated":true}]}}